{"id":120,"date":"2024-05-19T18:42:15","date_gmt":"2024-05-19T18:42:15","guid":{"rendered":"https:\/\/rcradovanek.cz\/?page_id=120"},"modified":"2025-08-26T12:27:47","modified_gmt":"2025-08-26T12:27:47","slug":"gabriela-jirouskova","status":"publish","type":"page","link":"https:\/\/rcradovanek.cz\/?page_id=120","title":{"rendered":"Gabriela Jirouskov\u00e1"},"content":{"rendered":"\n<h4 class=\"wp-block-heading\">Telefon: +420 725 372 988<\/h4>\n\n\n\n<div class=\"wp-block-columns is-layout-flex wp-container-core-columns-is-layout-9d6595d7 wp-block-columns-is-layout-flex\">\n<div class=\"wp-block-column is-layout-flow wp-block-column-is-layout-flow\" style=\"flex-basis:66.66%\">\n<p>Lektorka programu pro nast\u00e1vaj\u00edc\u00ed rodi\u010de &#8222;T\u011bhulky v centru&#8220;.<\/p>\n<\/div>\n\n\n\n<div class=\"wp-block-column is-layout-flow wp-block-column-is-layout-flow\" style=\"flex-basis:33.33%\">\n<figure class=\"wp-block-image size-full\"><img loading=\"lazy\" decoding=\"async\" width=\"640\" height=\"640\" src=\"https:\/\/rcradovanek.cz\/wp-content\/uploads\/2024\/06\/jirouskova.jpeg\" alt=\"\" class=\"wp-image-302\" srcset=\"https:\/\/rcradovanek.cz\/wp-content\/uploads\/2024\/06\/jirouskova.jpeg 640w, https:\/\/rcradovanek.cz\/wp-content\/uploads\/2024\/06\/jirouskova-300x300.jpeg 300w, https:\/\/rcradovanek.cz\/wp-content\/uploads\/2024\/06\/jirouskova-150x150.jpeg 150w, https:\/\/rcradovanek.cz\/wp-content\/uploads\/2024\/06\/jirouskova-60x60.jpeg 60w\" sizes=\"auto, (max-width: 640px) 100vw, 640px\" \/><\/figure>\n<\/div>\n<\/div>\n\n\n\n<figure class=\"wp-block-image size-large\"><img loading=\"lazy\" decoding=\"async\" width=\"724\" height=\"1024\" src=\"https:\/\/rcradovanek.cz\/wp-content\/uploads\/2025\/08\/Tehulky-v-centru-92025-3-724x1024.png\" alt=\"\" class=\"wp-image-1164\" srcset=\"https:\/\/rcradovanek.cz\/wp-content\/uploads\/2025\/08\/Tehulky-v-centru-92025-3-724x1024.png 724w, https:\/\/rcradovanek.cz\/wp-content\/uploads\/2025\/08\/Tehulky-v-centru-92025-3-212x300.png 212w, https:\/\/rcradovanek.cz\/wp-content\/uploads\/2025\/08\/Tehulky-v-centru-92025-3-768x1086.png 768w, https:\/\/rcradovanek.cz\/wp-content\/uploads\/2025\/08\/Tehulky-v-centru-92025-3-1086x1536.png 1086w, https:\/\/rcradovanek.cz\/wp-content\/uploads\/2025\/08\/Tehulky-v-centru-92025-3-42x60.png 42w, https:\/\/rcradovanek.cz\/wp-content\/uploads\/2025\/08\/Tehulky-v-centru-92025-3.png 1414w\" sizes=\"auto, (max-width: 724px) 100vw, 724px\" \/><\/figure>\n","protected":false},"excerpt":{"rendered":"<p>Telefon: +420 725 372 988 Lektorka programu pro nast\u00e1vaj\u00edc\u00ed rodi\u010de &#8222;T\u011bhulky v centru&#8220;.<\/p>\n","protected":false},"author":1,"featured_media":0,"parent":93,"menu_order":0,"comment_status":"closed","ping_status":"closed","template":"","meta":{"footnotes":""},"class_list":["post-120","page","type-page","status-publish","hentry","latest_post"],"_links":{"self":[{"href":"https:\/\/rcradovanek.cz\/index.php?rest_route=\/wp\/v2\/pages\/120","targetHints":{"allow":["GET"]}}],"collection":[{"href":"https:\/\/rcradovanek.cz\/index.php?rest_route=\/wp\/v2\/pages"}],"about":[{"href":"https:\/\/rcradovanek.cz\/index.php?rest_route=\/wp\/v2\/types\/page"}],"author":[{"embeddable":true,"href":"https:\/\/rcradovanek.cz\/index.php?rest_route=\/wp\/v2\/users\/1"}],"replies":[{"embeddable":true,"href":"https:\/\/rcradovanek.cz\/index.php?rest_route=%2Fwp%2Fv2%2Fcomments&post=120"}],"version-history":[{"count":8,"href":"https:\/\/rcradovanek.cz\/index.php?rest_route=\/wp\/v2\/pages\/120\/revisions"}],"predecessor-version":[{"id":1165,"href":"https:\/\/rcradovanek.cz\/index.php?rest_route=\/wp\/v2\/pages\/120\/revisions\/1165"}],"up":[{"embeddable":true,"href":"https:\/\/rcradovanek.cz\/index.php?rest_route=\/wp\/v2\/pages\/93"}],"wp:attachment":[{"href":"https:\/\/rcradovanek.cz\/index.php?rest_route=%2Fwp%2Fv2%2Fmedia&parent=120"}],"curies":[{"name":"wp","href":"https:\/\/api.w.org\/{rel}","templated":true}]}}