{"id":1371,"date":"2026-04-14T19:58:23","date_gmt":"2026-04-14T19:58:23","guid":{"rendered":"https:\/\/rcradovanek.cz\/?page_id=1371"},"modified":"2026-04-14T19:58:23","modified_gmt":"2026-04-14T19:58:23","slug":"katerina-kricenska","status":"publish","type":"page","link":"https:\/\/rcradovanek.cz\/?page_id=1371","title":{"rendered":"Kate\u0159ina K\u0159i\u010densk\u00e1"},"content":{"rendered":"\n<p><strong>Telefon: +420 608 049 034<\/strong><\/p>\n\n\n\n<p>Pracovnice klubu DEPO a aktivit pro rodiny s d\u011btmi.<\/p>\n\n\n\n<div class=\"wp-block-media-text is-stacked-on-mobile\"><figure class=\"wp-block-media-text__media\"><img loading=\"lazy\" decoding=\"async\" width=\"768\" height=\"1024\" src=\"https:\/\/rcradovanek.cz\/wp-content\/uploads\/2026\/04\/Katerina-Depo-a-eventy-768x1024.jpeg\" alt=\"\" class=\"wp-image-1372 size-full\" srcset=\"https:\/\/rcradovanek.cz\/wp-content\/uploads\/2026\/04\/Katerina-Depo-a-eventy-768x1024.jpeg 768w, https:\/\/rcradovanek.cz\/wp-content\/uploads\/2026\/04\/Katerina-Depo-a-eventy-225x300.jpeg 225w, https:\/\/rcradovanek.cz\/wp-content\/uploads\/2026\/04\/Katerina-Depo-a-eventy-1152x1536.jpeg 1152w, https:\/\/rcradovanek.cz\/wp-content\/uploads\/2026\/04\/Katerina-Depo-a-eventy-1536x2048.jpeg 1536w, https:\/\/rcradovanek.cz\/wp-content\/uploads\/2026\/04\/Katerina-Depo-a-eventy-45x60.jpeg 45w, https:\/\/rcradovanek.cz\/wp-content\/uploads\/2026\/04\/Katerina-Depo-a-eventy-scaled.jpeg 1920w\" sizes=\"auto, (max-width: 768px) 100vw, 768px\" \/><\/figure><div class=\"wp-block-media-text__content\">\n<p><\/p>\n<\/div><\/div>\n","protected":false},"excerpt":{"rendered":"<p>Telefon: +420 608 049 034 Pracovnice klubu DEPO a aktivit pro rodiny s d\u011btmi.<\/p>\n","protected":false},"author":1,"featured_media":0,"parent":0,"menu_order":0,"comment_status":"closed","ping_status":"closed","template":"","meta":{"footnotes":""},"class_list":["post-1371","page","type-page","status-publish","hentry","latest_post"],"_links":{"self":[{"href":"https:\/\/rcradovanek.cz\/index.php?rest_route=\/wp\/v2\/pages\/1371","targetHints":{"allow":["GET"]}}],"collection":[{"href":"https:\/\/rcradovanek.cz\/index.php?rest_route=\/wp\/v2\/pages"}],"about":[{"href":"https:\/\/rcradovanek.cz\/index.php?rest_route=\/wp\/v2\/types\/page"}],"author":[{"embeddable":true,"href":"https:\/\/rcradovanek.cz\/index.php?rest_route=\/wp\/v2\/users\/1"}],"replies":[{"embeddable":true,"href":"https:\/\/rcradovanek.cz\/index.php?rest_route=%2Fwp%2Fv2%2Fcomments&post=1371"}],"version-history":[{"count":1,"href":"https:\/\/rcradovanek.cz\/index.php?rest_route=\/wp\/v2\/pages\/1371\/revisions"}],"predecessor-version":[{"id":1373,"href":"https:\/\/rcradovanek.cz\/index.php?rest_route=\/wp\/v2\/pages\/1371\/revisions\/1373"}],"wp:attachment":[{"href":"https:\/\/rcradovanek.cz\/index.php?rest_route=%2Fwp%2Fv2%2Fmedia&parent=1371"}],"curies":[{"name":"wp","href":"https:\/\/api.w.org\/{rel}","templated":true}]}}