{"id":180,"date":"2024-05-19T19:46:43","date_gmt":"2024-05-19T19:46:43","guid":{"rendered":"https:\/\/rcradovanek.cz\/?page_id=180"},"modified":"2025-08-26T11:21:00","modified_gmt":"2025-08-26T11:21:00","slug":"nikola-adamkova","status":"publish","type":"page","link":"https:\/\/rcradovanek.cz\/?page_id=180","title":{"rendered":"Tereza Hnili\u010dkov\u00e1"},"content":{"rendered":"\n<h4 class=\"wp-block-heading\">Telefon: +420 773 976 559<\/h4>\n\n\n\n<div class=\"wp-block-columns is-layout-flex wp-container-core-columns-is-layout-9d6595d7 wp-block-columns-is-layout-flex\">\n<div class=\"wp-block-column is-layout-flow wp-block-column-is-layout-flow\" style=\"flex-basis:66.66%\">\n<p>Lektorka programu FitDance za p\u0159\u00edtomnosti d\u011bt\u00ed a J\u00f3gahr\u00e1tky.<\/p>\n<\/div>\n\n\n\n<div class=\"wp-block-column is-layout-flow wp-block-column-is-layout-flow\" style=\"flex-basis:33.33%\">\n<figure class=\"wp-block-image size-full\"><img loading=\"lazy\" decoding=\"async\" width=\"470\" height=\"628\" src=\"https:\/\/rcradovanek.cz\/wp-content\/uploads\/2025\/08\/Snimek-obrazovky-2025-08-26-v-13.06.48.png\" alt=\"\" class=\"wp-image-1128\" srcset=\"https:\/\/rcradovanek.cz\/wp-content\/uploads\/2025\/08\/Snimek-obrazovky-2025-08-26-v-13.06.48.png 470w, https:\/\/rcradovanek.cz\/wp-content\/uploads\/2025\/08\/Snimek-obrazovky-2025-08-26-v-13.06.48-225x300.png 225w, https:\/\/rcradovanek.cz\/wp-content\/uploads\/2025\/08\/Snimek-obrazovky-2025-08-26-v-13.06.48-45x60.png 45w\" sizes=\"auto, (max-width: 470px) 100vw, 470px\" \/><\/figure>\n<\/div>\n<\/div>\n\n\n\n<figure class=\"wp-block-image size-large\"><img loading=\"lazy\" decoding=\"async\" width=\"724\" height=\"1024\" src=\"https:\/\/rcradovanek.cz\/wp-content\/uploads\/2025\/08\/Joga-pro-deti-92025-724x1024.png\" alt=\"\" class=\"wp-image-1139\" srcset=\"https:\/\/rcradovanek.cz\/wp-content\/uploads\/2025\/08\/Joga-pro-deti-92025-724x1024.png 724w, https:\/\/rcradovanek.cz\/wp-content\/uploads\/2025\/08\/Joga-pro-deti-92025-212x300.png 212w, https:\/\/rcradovanek.cz\/wp-content\/uploads\/2025\/08\/Joga-pro-deti-92025-768x1086.png 768w, https:\/\/rcradovanek.cz\/wp-content\/uploads\/2025\/08\/Joga-pro-deti-92025-1086x1536.png 1086w, https:\/\/rcradovanek.cz\/wp-content\/uploads\/2025\/08\/Joga-pro-deti-92025-42x60.png 42w, https:\/\/rcradovanek.cz\/wp-content\/uploads\/2025\/08\/Joga-pro-deti-92025.png 1414w\" sizes=\"auto, (max-width: 724px) 100vw, 724px\" \/><\/figure>\n","protected":false},"excerpt":{"rendered":"<p>Telefon: +420 773 976 559 Lektorka programu FitDance za p\u0159\u00edtomnosti d\u011bt\u00ed a J\u00f3gahr\u00e1tky.<\/p>\n","protected":false},"author":1,"featured_media":0,"parent":93,"menu_order":0,"comment_status":"closed","ping_status":"closed","template":"","meta":{"footnotes":""},"class_list":["post-180","page","type-page","status-publish","hentry","latest_post"],"_links":{"self":[{"href":"https:\/\/rcradovanek.cz\/index.php?rest_route=\/wp\/v2\/pages\/180","targetHints":{"allow":["GET"]}}],"collection":[{"href":"https:\/\/rcradovanek.cz\/index.php?rest_route=\/wp\/v2\/pages"}],"about":[{"href":"https:\/\/rcradovanek.cz\/index.php?rest_route=\/wp\/v2\/types\/page"}],"author":[{"embeddable":true,"href":"https:\/\/rcradovanek.cz\/index.php?rest_route=\/wp\/v2\/users\/1"}],"replies":[{"embeddable":true,"href":"https:\/\/rcradovanek.cz\/index.php?rest_route=%2Fwp%2Fv2%2Fcomments&post=180"}],"version-history":[{"count":6,"href":"https:\/\/rcradovanek.cz\/index.php?rest_route=\/wp\/v2\/pages\/180\/revisions"}],"predecessor-version":[{"id":1140,"href":"https:\/\/rcradovanek.cz\/index.php?rest_route=\/wp\/v2\/pages\/180\/revisions\/1140"}],"up":[{"embeddable":true,"href":"https:\/\/rcradovanek.cz\/index.php?rest_route=\/wp\/v2\/pages\/93"}],"wp:attachment":[{"href":"https:\/\/rcradovanek.cz\/index.php?rest_route=%2Fwp%2Fv2%2Fmedia&parent=180"}],"curies":[{"name":"wp","href":"https:\/\/api.w.org\/{rel}","templated":true}]}}